{"id":279,"date":"2017-01-21T12:58:37","date_gmt":"2017-01-21T12:58:37","guid":{"rendered":"http:\/\/www.asociacion-piel.org.ar\/web\/?page_id=279"},"modified":"2017-03-27T22:50:36","modified_gmt":"2017-03-27T22:50:36","slug":"historia","status":"publish","type":"page","link":"https:\/\/www.asociacion-piel.org.ar\/web\/historia\/","title":{"rendered":"Historia"},"content":{"rendered":"<p>[et_pb_section admin_label=\u00bbsection\u00bb][et_pb_row admin_label=\u00bbrow\u00bb][et_pb_column type=\u00bb4_4&#8243;][et_pb_text admin_label=\u00bbTexto\u00bb background_layout=\u00bblight\u00bb text_orientation=\u00bbjustified\u00bb use_border_color=\u00bboff\u00bb border_color=\u00bb#ffffff\u00bb border_style=\u00bbsolid\u00bb]<\/p>\n<h3>Historia<\/h3>\n<p>PIEL fue creada el 25 de Octubre de 1988, con el objeto de apoyar la Investigaci\u00f3n, Prevenci\u00f3n, Docencia y Asistencia en el \u00e1mbito de la Cirug\u00eda Pl\u00e1stica y Craneofacial Infantil. Durante los primeros a\u00f1os se brind\u00f3 colaboraci\u00f3n, en forma sucesiva, a las salas de Cirug\u00eda Pl\u00e1stica y Quemados de los Hospitales de Ni\u00f1os \u201cRicardo Gutierrez\u201d y de Pediatr\u00eda \u201cJuan P. Garrahan\u201d.<\/p>\n<p>El 31 de Julio de 1989, obtuvimos la Personer\u00eda Jur\u00eddica I.G.J. N\u00b0 581, y el 29 de Diciembre del a\u00f1o 1994, se concret\u00f3 la compra de la sede propia, mediante un subsidio otorgado por el Fondo de Financiamiento de Programas Sociales del Conurbano Bonaerense.<\/p>\n<p>El inmueble se encuentra ubicado en Avenida Pala\u00e1 536, de la localidad de Avellaneda, Provincia de Buenos Aires. Durante la primera etapa se procedi\u00f3 a refaccionar la planta baja con el objeto de adaptarlo al uso proyectado. Las tareas administrativas y los trabajos de refacci\u00f3n (alba\u00f1iler\u00eda, electricidad, pintura, plomer\u00eda, etc.) fueron desempe\u00f1ados en forma voluntaria por los padres.<\/p>\n<p>Los profesionales que integran el equipo interdisciplinario de la Instituci\u00f3n contribuyeron donando sus honorarios durante los primeros a\u00f1os y con los recursos obtenidos se pudo acondicionar el primer piso de la sede, que fue transformado en 5 consultorios<br \/>\npolifuncionales.<\/p>\n<p>Se cre\u00f3 adem\u00e1s un Fondo Cooperativo de Reserva, destinado a otorgar prestamos para solventar gastos del tratamiento, cuyos beneficiarios se comprometen a retornar en cuotas mensuales, sin inter\u00e9s, adaptadas a sus posibilidades.<\/p>\n<p>Actualmente, en nuestra sede se brinda asistencia y rehabilitacion interdisciplinaria, por consultorios externos, en las especialidades de: cirug\u00eda pl\u00e1stica infantil y cr\u00e1neo-maxilo-facial, neonatolog\u00eda, pediatr\u00eda, gen\u00e9tica, odontopediatr\u00eda, ortodoncia, fonoaudiolog\u00eda, otorrinolaringolog\u00eda, psicolog\u00eda, psicopedagog\u00eda y asistencia social.<\/p>\n<p>[\/et_pb_text][\/et_pb_column][\/et_pb_row][\/et_pb_section][et_pb_section admin_label=\u00bbSecci\u00f3n\u00bb transparent_background=\u00bboff\u00bb allow_player_pause=\u00bboff\u00bb inner_shadow=\u00bboff\u00bb parallax=\u00bboff\u00bb parallax_method=\u00bbon\u00bb custom_padding=\u00bb0px|0px|1px|0px\u00bb padding_mobile=\u00bboff\u00bb make_fullwidth=\u00bboff\u00bb use_custom_width=\u00bboff\u00bb width_unit=\u00bboff\u00bb make_equal=\u00bboff\u00bb use_custom_gutter=\u00bboff\u00bb fullwidth=\u00bboff\u00bb specialty=\u00bboff\u00bb disabled=\u00bboff\u00bb][et_pb_row admin_label=\u00bbFila\u00bb make_fullwidth=\u00bboff\u00bb use_custom_width=\u00bboff\u00bb width_unit=\u00bboff\u00bb custom_width_px=\u00bb1080px\u00bb custom_width_percent=\u00bb80%\u00bb use_custom_gutter=\u00bboff\u00bb gutter_width=\u00bb3&#8243; padding_mobile=\u00bboff\u00bb allow_player_pause=\u00bboff\u00bb parallax=\u00bboff\u00bb parallax_method=\u00bbon\u00bb make_equal=\u00bboff\u00bb column_padding_mobile=\u00bbon\u00bb parallax_1=\u00bboff\u00bb parallax_method_1=\u00bbon\u00bb parallax_2=\u00bboff\u00bb parallax_method_2=\u00bbon\u00bb parallax_3=\u00bboff\u00bb parallax_method_3=\u00bbon\u00bb parallax_4=\u00bboff\u00bb parallax_method_4=\u00bbon\u00bb disabled=\u00bboff\u00bb][et_pb_column type=\u00bb4_4&#8243;][et_pb_text admin_label=\u00bbTexto\u00bb background_layout=\u00bblight\u00bb text_orientation=\u00bbcenter\u00bb use_border_color=\u00bboff\u00bb border_style=\u00bbsolid\u00bb disabled=\u00bboff\u00bb]<\/p>\n<h3 style=\"text-align: center;\">Colaboran con nosotros<\/h3>\n<p>[\/et_pb_text][et_pb_code admin_label=\u00bbC\u00f3digo\u00bb disabled=\u00bboff\u00bb]<div class=\"ed-carousel-wrp ed-carousel-429\"><div id=\"ed-carousel-429\" class=\"owl-carousel ed-carousel center\"><div class=\"ed-item\"><img src=\"https:\/\/www.asociacion-piel.org.ar\/web\/wp-content\/uploads\/2017\/03\/logo-smile-train-web.png\" alt=\"\" class=\"masterTooltip\" title=\"\"><\/div><div class=\"ed-item\"><img src=\"https:\/\/www.asociacion-piel.org.ar\/web\/wp-content\/uploads\/2017\/03\/logo-FNV.png\" alt=\"\" class=\"masterTooltip\" title=\"\"><\/div><div class=\"ed-item\"><img src=\"https:\/\/www.asociacion-piel.org.ar\/web\/wp-content\/uploads\/2017\/04\/BAF-FundacionLOGO-1.jpg\" alt=\"\" class=\"masterTooltip\" title=\"\"><\/div><div class=\"ed-item\"><img src=\"https:\/\/www.asociacion-piel.org.ar\/web\/wp-content\/uploads\/2017\/03\/LATICFA-web.png\" alt=\"\" class=\"masterTooltip\" title=\"\"><\/div><div class=\"ed-item\"><img src=\"https:\/\/www.asociacion-piel.org.ar\/web\/wp-content\/uploads\/2017\/02\/world.jpg\" alt=\"\" class=\"masterTooltip\" title=\"\"><\/div><div class=\"ed-item\"><img src=\"https:\/\/www.asociacion-piel.org.ar\/web\/wp-content\/uploads\/2017\/03\/journal-web.jpg\" alt=\"\" class=\"masterTooltip\" title=\"\"><\/div><div class=\"ed-item\"><img src=\"https:\/\/www.asociacion-piel.org.ar\/web\/wp-content\/uploads\/2017\/02\/sobrapar.jpg\" alt=\"\" class=\"masterTooltip\" title=\"\"><\/div><div class=\"ed-item\"><img src=\"https:\/\/www.asociacion-piel.org.ar\/web\/wp-content\/uploads\/2017\/02\/fundacion.jpg\" alt=\"\" class=\"masterTooltip\" title=\"\"><\/div><div class=\"ed-item\"><img src=\"https:\/\/www.asociacion-piel.org.ar\/web\/wp-content\/uploads\/2017\/03\/abflp-web.png\" alt=\"\" class=\"masterTooltip\" title=\"\"><\/div><\/div><\/div>[\/et_pb_code][\/et_pb_column][\/et_pb_row][\/et_pb_section][et_pb_section admin_label=\u00bbSecci\u00f3n\u00bb transparent_background=\u00bboff\u00bb allow_player_pause=\u00bboff\u00bb inner_shadow=\u00bbon\u00bb parallax=\u00bboff\u00bb parallax_method=\u00bboff\u00bb custom_padding=\u00bb7px|0px|12px|0px\u00bb padding_mobile=\u00bboff\u00bb make_fullwidth=\u00bboff\u00bb use_custom_width=\u00bboff\u00bb width_unit=\u00bbon\u00bb make_equal=\u00bboff\u00bb use_custom_gutter=\u00bboff\u00bb fullwidth=\u00bboff\u00bb specialty=\u00bboff\u00bb disabled=\u00bboff\u00bb background_color=\u00bb#f4f4f4&#8243;][et_pb_row admin_label=\u00bbFila\u00bb make_fullwidth=\u00bboff\u00bb use_custom_width=\u00bboff\u00bb width_unit=\u00bboff\u00bb custom_width_px=\u00bb1080px\u00bb custom_width_percent=\u00bb80%\u00bb use_custom_gutter=\u00bboff\u00bb gutter_width=\u00bb3&#8243; custom_padding=\u00bb27px|0px|17px|0px\u00bb padding_mobile=\u00bboff\u00bb allow_player_pause=\u00bboff\u00bb parallax=\u00bboff\u00bb parallax_method=\u00bbon\u00bb make_equal=\u00bboff\u00bb column_padding_mobile=\u00bbon\u00bb parallax_1=\u00bboff\u00bb parallax_method_1=\u00bbon\u00bb parallax_2=\u00bboff\u00bb parallax_method_2=\u00bbon\u00bb parallax_3=\u00bboff\u00bb parallax_method_3=\u00bbon\u00bb parallax_4=\u00bboff\u00bb parallax_method_4=\u00bbon\u00bb disabled=\u00bboff\u00bb][et_pb_column type=\u00bb4_4&#8243;][et_pb_text admin_label=\u00bbTexto\u00bb background_layout=\u00bblight\u00bb text_orientation=\u00bbleft\u00bb use_border_color=\u00bboff\u00bb border_style=\u00bbsolid\u00bb disabled=\u00bboff\u00bb border_color=\u00bb#ffffff\u00bb]<\/p>\n<h4 style=\"text-align: center;\"><a href=\"http:\/\/www.asociacion-piel.org.ar\/web\/wp-content\/uploads\/2017\/01\/logo-asociacion-trans.fw_.png\"><img loading=\"lazy\" class=\"alignnone wp-image-404\" src=\"http:\/\/www.asociacion-piel.org.ar\/web\/wp-content\/uploads\/2017\/01\/logo-asociacion-trans.fw_-300x225.png\" alt=\"\" width=\"134\" height=\"100\" srcset=\"https:\/\/www.asociacion-piel.org.ar\/web\/wp-content\/uploads\/2017\/01\/logo-asociacion-trans.fw_-300x225.png 300w, https:\/\/www.asociacion-piel.org.ar\/web\/wp-content\/uploads\/2017\/01\/logo-asociacion-trans.fw_-510x382.png 510w, https:\/\/www.asociacion-piel.org.ar\/web\/wp-content\/uploads\/2017\/01\/logo-asociacion-trans.fw_.png 525w\" sizes=\"(max-width: 134px) 100vw, 134px\" \/><\/a><\/h4>\n<h4 style=\"text-align: center;\"><\/h4>\n<h4 style=\"text-align: center;\"><span style=\"color: #00ccff;\">ASOCIACION PIEL<\/span>\u00a0&#8211; Asociaci\u00f3n civil sin fines de lucro &#8211; Personer\u00eda Jur\u00eddica N\u00ba 1.506.950<\/h4>\n<p>[\/et_pb_text][\/et_pb_column][\/et_pb_row][\/et_pb_section][et_pb_section admin_label=\u00bbsection\u00bb transparent_background=\u00bboff\u00bb background_color=\u00bb#283139&#8243; allow_player_pause=\u00bboff\u00bb inner_shadow=\u00bboff\u00bb parallax=\u00bboff\u00bb parallax_method=\u00bbon\u00bb padding_mobile=\u00bboff\u00bb make_fullwidth=\u00bboff\u00bb use_custom_width=\u00bboff\u00bb width_unit=\u00bboff\u00bb make_equal=\u00bboff\u00bb use_custom_gutter=\u00bboff\u00bb fullwidth=\u00bboff\u00bb specialty=\u00bboff\u00bb disabled=\u00bboff\u00bb][et_pb_row admin_label=\u00bbrow\u00bb make_fullwidth=\u00bboff\u00bb use_custom_width=\u00bboff\u00bb width_unit=\u00bboff\u00bb custom_width_px=\u00bb1080px\u00bb custom_width_percent=\u00bb80%\u00bb use_custom_gutter=\u00bboff\u00bb gutter_width=\u00bb3&#8243; padding_mobile=\u00bboff\u00bb allow_player_pause=\u00bboff\u00bb parallax=\u00bboff\u00bb parallax_method=\u00bbon\u00bb make_equal=\u00bboff\u00bb column_padding_mobile=\u00bbon\u00bb parallax_1=\u00bboff\u00bb parallax_method_1=\u00bbon\u00bb parallax_2=\u00bboff\u00bb parallax_method_2=\u00bbon\u00bb parallax_3=\u00bboff\u00bb parallax_method_3=\u00bbon\u00bb parallax_4=\u00bboff\u00bb parallax_method_4=\u00bbon\u00bb disabled=\u00bboff\u00bb][et_pb_column type=\u00bb1_2&#8243;][et_pb_blurb admin_label=\u00bbBlurb\u00bb title=\u00bbBuenos Aires\u00bb url_new_window=\u00bboff\u00bb use_icon=\u00bbon\u00bb font_icon=\u00bbR\u00bb icon_color=\u00bb#ec6d5f\u00bb use_circle=\u00bboff\u00bb circle_color=\u00bb#2caaca\u00bb use_circle_border=\u00bboff\u00bb circle_border_color=\u00bb#2caaca\u00bb icon_placement=\u00bbleft\u00bb animation=\u00bbbottom\u00bb background_layout=\u00bbdark\u00bb text_orientation=\u00bbcenter\u00bb use_icon_font_size=\u00bboff\u00bb icon_font_size=\u00bb96px\u00bb use_border_color=\u00bboff\u00bb border_color=\u00bb#ffffff\u00bb border_width=\u00bb1px\u00bb border_style=\u00bbsolid\u00bb disabled=\u00bboff\u00bb]<\/p>\n<p>Av. J.B. Pala\u00e1 536, Avellaneda (1870), Provincia de Buenos Aires, Argentina. &#8211; Tel: +(54 11) 4201-1001 \/ 4913<br \/>\nE-mail: <span id=\"cloak9440\"><a href=\"mailto:info@asociacion-piel.org.ar\">info@asociacion-piel.org.ar<\/a><\/span><\/p>\n<p>[\/et_pb_blurb][\/et_pb_column][et_pb_column type=\u00bb1_2&#8243;][et_pb_blurb admin_label=\u00bbBlurb\u00bb title=\u00bbC\u00f3rdoba\u00bb url_new_window=\u00bboff\u00bb use_icon=\u00bbon\u00bb font_icon=\u00bbR\u00bb icon_color=\u00bb#ec6d5f\u00bb use_circle=\u00bboff\u00bb circle_color=\u00bb#2caaca\u00bb use_circle_border=\u00bboff\u00bb circle_border_color=\u00bb#2caaca\u00bb icon_placement=\u00bbleft\u00bb animation=\u00bbtop\u00bb background_layout=\u00bbdark\u00bb text_orientation=\u00bbcenter\u00bb use_icon_font_size=\u00bboff\u00bb icon_font_size=\u00bb96px\u00bb use_border_color=\u00bboff\u00bb border_color=\u00bb#ffffff\u00bb border_width=\u00bb1px\u00bb border_style=\u00bbsolid\u00bb disabled=\u00bboff\u00bb]<\/p>\n<p style=\"text-align: left;\" align=\"center\">Bedoya N\u00b0 118. Planta baja A\u00a0\u00a0&#8211; C.P. 5000 &#8211; C\u00f3rdoba, Argentina. &#8211; Tel: +(54 351) 156838058<br \/>\nE-mail: <span id=\"cloak78226\"><a href=\"mailto:info@asociacion-piel.org.ar\">info@asociacion-piel.org.ar<\/a><\/span><\/p>\n<p>[\/et_pb_blurb][\/et_pb_column][\/et_pb_row][\/et_pb_section]<\/p>\n","protected":false},"excerpt":{"rendered":"<p>[et_pb_section admin_label=\u00bbsection\u00bb][et_pb_row admin_label=\u00bbrow\u00bb][et_pb_column type=\u00bb4_4&#8243;][et_pb_text admin_label=\u00bbTexto\u00bb background_layout=\u00bblight\u00bb text_orientation=\u00bbjustified\u00bb use_border_color=\u00bboff\u00bb border_color=\u00bb#ffffff\u00bb border_style=\u00bbsolid\u00bb] Historia PIEL fue creada el 25 de Octubre de 1988, con el objeto de apoyar la Investigaci\u00f3n, Prevenci\u00f3n, Docencia y Asistencia en el \u00e1mbito de la Cirug\u00eda Pl\u00e1stica y Craneofacial Infantil. Durante los primeros a\u00f1os se brind\u00f3 colaboraci\u00f3n, en forma sucesiva, a las salas de [&hellip;]<\/p>\n","protected":false},"author":2,"featured_media":0,"parent":0,"menu_order":0,"comment_status":"closed","ping_status":"closed","template":"","meta":{"_et_pb_use_builder":"on","_et_pb_old_content":"","_et_gb_content_width":""},"_links":{"self":[{"href":"https:\/\/www.asociacion-piel.org.ar\/web\/wp-json\/wp\/v2\/pages\/279"}],"collection":[{"href":"https:\/\/www.asociacion-piel.org.ar\/web\/wp-json\/wp\/v2\/pages"}],"about":[{"href":"https:\/\/www.asociacion-piel.org.ar\/web\/wp-json\/wp\/v2\/types\/page"}],"author":[{"embeddable":true,"href":"https:\/\/www.asociacion-piel.org.ar\/web\/wp-json\/wp\/v2\/users\/2"}],"replies":[{"embeddable":true,"href":"https:\/\/www.asociacion-piel.org.ar\/web\/wp-json\/wp\/v2\/comments?post=279"}],"version-history":[{"count":5,"href":"https:\/\/www.asociacion-piel.org.ar\/web\/wp-json\/wp\/v2\/pages\/279\/revisions"}],"predecessor-version":[{"id":524,"href":"https:\/\/www.asociacion-piel.org.ar\/web\/wp-json\/wp\/v2\/pages\/279\/revisions\/524"}],"wp:attachment":[{"href":"https:\/\/www.asociacion-piel.org.ar\/web\/wp-json\/wp\/v2\/media?parent=279"}],"curies":[{"name":"wp","href":"https:\/\/api.w.org\/{rel}","templated":true}]}}