{"id":281,"date":"2017-01-21T13:00:29","date_gmt":"2017-01-21T13:00:29","guid":{"rendered":"http:\/\/www.asociacion-piel.org.ar\/web\/?page_id=281"},"modified":"2019-06-14T16:54:18","modified_gmt":"2019-06-14T16:54:18","slug":"premios-y-honores","status":"publish","type":"page","link":"https:\/\/www.asociacion-piel.org.ar\/web\/premios-y-honores\/","title":{"rendered":"Premios y Honores"},"content":{"rendered":"<p>[et_pb_section transparent_background=\u00bboff\u00bb allow_player_pause=\u00bboff\u00bb inner_shadow=\u00bboff\u00bb parallax=\u00bboff\u00bb parallax_method=\u00bbon\u00bb padding_mobile=\u00bboff\u00bb make_fullwidth=\u00bboff\u00bb use_custom_width=\u00bboff\u00bb width_unit=\u00bboff\u00bb custom_width_px=\u00bb1080px\u00bb custom_width_percent=\u00bb80%\u00bb make_equal=\u00bboff\u00bb use_custom_gutter=\u00bboff\u00bb fullwidth=\u00bboff\u00bb specialty=\u00bboff\u00bb admin_label=\u00bbsection\u00bb disabled=\u00bboff\u00bb][et_pb_row make_fullwidth=\u00bboff\u00bb use_custom_width=\u00bboff\u00bb width_unit=\u00bboff\u00bb custom_width_px=\u00bb1080px\u00bb custom_width_percent=\u00bb80%\u00bb use_custom_gutter=\u00bboff\u00bb gutter_width=\u00bb3&#8243; custom_padding=\u00bb27px|0px|27px|0px\u00bb padding_mobile=\u00bboff\u00bb allow_player_pause=\u00bboff\u00bb parallax=\u00bboff\u00bb parallax_method=\u00bbon\u00bb make_equal=\u00bboff\u00bb column_padding_mobile=\u00bbon\u00bb parallax_1=\u00bboff\u00bb parallax_method_1=\u00bbon\u00bb parallax_2=\u00bboff\u00bb parallax_method_2=\u00bbon\u00bb parallax_3=\u00bboff\u00bb parallax_method_3=\u00bbon\u00bb parallax_4=\u00bboff\u00bb parallax_method_4=\u00bbon\u00bb admin_label=\u00bbrow\u00bb disabled=\u00bboff\u00bb][et_pb_column type=\u00bb4_4&#8243; disabled=\u00bboff\u00bb parallax=\u00bboff\u00bb parallax_method=\u00bbon\u00bb column_padding_mobile=\u00bbon\u00bb][et_pb_text background_layout=\u00bblight\u00bb text_orientation=\u00bbleft\u00bb admin_label=\u00bbTexto\u00bb use_border_color=\u00bboff\u00bb border_style=\u00bbsolid\u00bb disabled=\u00bboff\u00bb]<\/p>\n<h3>Premios y Honores<\/h3>\n<\/p>\n<p><strong><span lang=\"ES-TRAD\" style=\"font-family: Calibri, sans-serif;\"><span style=\"color: #333333;\">2018 Entidad ganadora del premio &ldquo;Abanderados de la Argentina Solidaria 2018&rdquo;,<\/span><\/span><\/strong><span lang=\"ES-TRAD\" style=\"font-size: 10.5pt; font-family: Calibri, sans-serif; color: #333333;\"> <\/span><span lang=\"ES-TRAD\" style=\"font-family: Calibri, sans-serif;\">otorgado al Dr. Ricardo D. Bennun por Canal 13, grupo Clarin.<\/span><\/p>\n<\/p>\n<p class=\"MsoNormalCxSpMiddle\" style=\"text-align: justify;\"><span style=\"color: #333333;\"><b><span lang=\"ES-TRAD\" style=\"font-family: Calibri, sans-serif;\">2017 Entidad ganadora del &ldquo;Concurso de Proyectos Sociales 2017&rdquo;,<\/span><\/b><span lang=\"ES-TRAD\" style=\"font-size: 10.5pt; font-family: 'Calibri','sans-serif';\"> <\/span><span lang=\"ES-TRAD\" style=\"font-family: Calibri, sans-serif;\">otorgado a la Asociaci&oacute;n Piel por la Fundaci&oacute;n BAF, &Aacute;rea: Salud y Movimiento.<o:p><\/o:p><\/span><\/span><\/p>\n<\/p>\n<p class=\"MsoNormalCxSpMiddle\" style=\"text-align: justify;\"><span style=\"color: #333333;\"><b><span lang=\"ES-TRAD\" style=\"font-family: Calibri, sans-serif;\"><\/span><\/b><b><span lang=\"ES-TRAD\" style=\"font-family: Calibri, sans-serif;\">2016 Entidad ganadora del &ldquo;XVII Premio Bienal&rdquo;,<\/span><\/b><span lang=\"ES-TRAD\" style=\"font-size: 10.5pt; font-family: 'Calibri','sans-serif';\"> <\/span><span lang=\"ES-TRAD\" style=\"font-family: Calibri, sans-serif;\">otorgado a la Asociaci&oacute;n Piel por la Fundaci&oacute;n Navarro Viola, premiando pr&aacute;cticas en primera Infancia de la Argentina.<o:p><\/o:p><\/span><\/span><\/p>\n<\/p>\n<p class=\"MsoNormalCxSpMiddle\" style=\"text-align: justify;\"><span style=\"color: #333333;\"><i><u><span lang=\"ES\" style=\"font-size: 10.5pt; font-family: Calibri-Italic; mso-bidi-font-family: Calibri-Italic;\"><\/span><\/u><\/i><b><span lang=\"ES-TRAD\" style=\"font-family: Calibri, sans-serif;\">2015 &ldquo;Premio al Dr. Bennun, otorgado por la Fundaci&oacute;n World of Children de Estados<\/span><\/b><span lang=\"ES-TRAD\" style=\"font-size: 10.5pt; font-family: 'Calibri','sans-serif';\"> <\/span><b><span lang=\"ES-TRAD\" style=\"font-family: Calibri, sans-serif;\">Unidos&rdquo;<\/span><\/b><span lang=\"ES-TRAD\" style=\"font-family: Calibri, sans-serif;\">, en reconocimiento a las personas que colaboran con la salud de los ni&ntilde;os desamparados en el mundo.<\/span><b><span lang=\"ES\" style=\"font-family: Calibri, sans-serif;\"><o:p>&nbsp;<\/o:p><\/span><\/b><\/span><\/p>\n<\/p>\n<p class=\"MsoNormal\" style=\"text-align: justify; tab-stops: 0cm;\"><span style=\"color: #333333;\"><b><span lang=\"ES-TRAD\" style=\"font-family: Calibri, sans-serif;\">2011 &ldquo;Entidad Seleccionada por FARMACITY S.A.&rdquo; <\/span><\/b><span lang=\"ES-TRAD\" style=\"font-family: Calibri, sans-serif;\">para su campa&ntilde;a solidaria a trav&eacute;s de sus empleados.<o:p><\/o:p><\/span><\/span><\/p>\n<\/p>\n<p class=\"MsoNormal\" style=\"text-align: justify; tab-stops: 0cm;\"><span style=\"color: #333333;\"><b><span lang=\"ES-TRAD\" style=\"font-family: Calibri, sans-serif;\"><o:p>&nbsp;2002 &#8211; Actualidad&nbsp;<\/o:p><\/span><\/b><b><span lang=\"ES-TRAD\" style=\"font-family: Calibri, sans-serif;\">&ldquo;Subsidio de la Fundaci&oacute;n Smile Train de EEUU&rdquo; <\/span><\/b><span lang=\"ES-TRAD\" style=\"font-family: Calibri, sans-serif;\">Miembro Asociado, en<b> <\/b>Argentina, para el Programa en Conjunto<b> <\/b>&nbsp;de Cirug&iacute;as Gratuitas, para ni&ntilde;os de escasos recursos, portadores de Fisuras labio&nbsp; palatinas.<b><o:p><\/o:p><\/b><\/span><\/span><\/p>\n<\/p>\n<p class=\"MsoNormal\" style=\"text-align: justify; tab-stops: 0cm;\"><span style=\"color: #333333;\"><b><span lang=\"ES-TRAD\" style=\"font-family: Calibri, sans-serif;\"><o:p>2008 &#8211; Actualidad&nbsp;<\/o:p><\/span><\/b><b><span lang=\"ES-TRAD\" style=\"font-family: Calibri, sans-serif;\">&ldquo;Subsidio de la Fundaci&oacute;n Herrod de Suiza&rdquo; <\/span><\/b><span lang=\"ES-TRAD\" style=\"font-family: Calibri, sans-serif;\">para la provisi&oacute;n de instrumental m&eacute;dico necesario para la atenci&oacute;n interdisciplinaria de ni&ntilde;os con Fisuras labio palatinas.<o:p><\/o:p><\/span><\/span><\/p>\n<\/p>\n<p class=\"MsoNormal\" style=\"text-align: justify; tab-stops: 49.65pt;\"><span style=\"color: #333333;\"><b><span lang=\"ES-TRAD\" style=\"font-family: Calibri, sans-serif;\"><o:p>2008 &#8211; 2010&nbsp;<\/o:p><\/span><\/b><b><span lang=\"ES-TRAD\" style=\"font-family: Calibri, sans-serif;\">&ldquo;Entidad Seleccionada por Colgate-Palmolive a&ntilde;os&rdquo; <\/span><\/b><span lang=\"ES-TRAD\" style=\"font-family: Calibri, sans-serif;\">Para su Campana Anual Todos por una Sonrisa.<o:p><\/o:p><\/span><\/span><\/p>\n<\/p>\n<p class=\"MsoNormal\" style=\"text-align: justify; tab-stops: 49.65pt;\"><span style=\"color: #333333;\"><b><span lang=\"ES-TRAD\" style=\"font-family: Calibri, sans-serif;\"><o:p>2009&nbsp;<\/o:p><\/span><\/b><b><span lang=\"ES-TRAD\" style=\"font-family: Calibri, sans-serif;\">&ldquo;Nominaci&oacute;n del Honorable Senado de la Naci&oacute;n<\/span><\/b><span lang=\"ES-TRAD\" style=\"font-family: Calibri, sans-serif;\">&rdquo; En reconocimiento por una nueva T&eacute;cnica para el Tratamiento de Pacientes con Fisuras.<o:p><\/o:p><\/span><\/span><\/p>\n<\/p>\n<p class=\"MsoNormal\" style=\"text-align: justify; tab-stops: 49.65pt;\"><span style=\"color: #333333;\"><b><span lang=\"ES-TRAD\" style=\"font-family: Calibri, sans-serif;\"><o:p>&nbsp;2007&nbsp;<\/o:p><\/span><\/b><b><span lang=\"ES-TRAD\" style=\"font-family: Calibri, sans-serif;\">&ldquo;Finalista del Premio al mejor Emprendimiento Solidario en el &aacute;rea Salud&rdquo; <\/span><\/b><span lang=\"ES-TRAD\" style=\"font-family: Calibri, sans-serif;\">otorgado por la Fundaci&oacute;n Schwab de Suiza y el Diario Cronista Comercial.<b><o:p><\/o:p><\/b><\/span><\/span><\/p>\n<\/p>\n<p class=\"MsoNormal\" style=\"text-align: justify; tab-stops: 49.65pt;\"><span style=\"color: #333333;\"><b><span lang=\"ES-TRAD\" style=\"font-family: Calibri, sans-serif;\"><o:p>&nbsp;2007&nbsp;<\/o:p><\/span><\/b><b><span lang=\"ES-TRAD\" style=\"font-family: Calibri, sans-serif;\">&ldquo;Finalista del Premio Health Award&rdquo; <\/span><\/b><span lang=\"ES-TRAD\" style=\"font-family: Calibri, sans-serif;\">otorgado por la Fundaci&oacute;n World of Children de Estados Unidos, con el auspicio de UNICEF, para reconocer a las entidades que colaboran con la salud de los ni&ntilde;os desamparados en el mundo.<o:p><\/o:p><\/span><\/span><\/p>\n<\/p>\n<p class=\"MsoNormal\" style=\"text-align: justify; tab-stops: 49.65pt;\"><span style=\"color: #333333;\"><b style=\"font-size: 14px; background-color: #ffffff;\"><span lang=\"ES-TRAD\" style=\"font-family: Calibri, sans-serif;\"><o:p>2006&nbsp;<\/o:p><\/span><\/b><b><span lang=\"ES-TRAD\" style=\"font-family: Calibri, sans-serif;\">&ldquo;Declarada de inter&eacute;s legislativo&rdquo;<\/span><\/b><span lang=\"ES-TRAD\" style=\"font-family: Calibri, sans-serif;\"> <\/span><span lang=\"ES-TRAD\" style=\"font-family: Calibri, sans-serif;\">la labor que realiza PIEL Asociaci&oacute;n Civil sin Fines de Lucro en las tareas de investigaci&oacute;n, difusi&oacute;n docencia y asistencia en el campo de la cirug&iacute;a pl&aacute;stica infantil y craneofacial. Orden del d&iacute;a N&deg;1807, sesiones del 2006, C&aacute;mara de Diputados de la Naci&oacute;n.<o:p><\/o:p><\/span><\/span><\/p>\n<\/p>\n<p class=\"MsoNormal\" style=\"text-align: justify; tab-stops: 49.65pt;\"><span style=\"color: #333333;\"><span lang=\"ES-TRAD\" style=\"font-family: Calibri, sans-serif;\"><o:p>&nbsp;<b style=\"background-color: #ffffff; font-size: 14px; font-family: 'Open Sans', Arial, sans-serif;\"><span lang=\"ES-TRAD\" style=\"font-family: Calibri, sans-serif;\"><o:p>2006&nbsp;<\/o:p><\/span><\/b>&nbsp;&ldquo;<\/o:p><\/span><b><span lang=\"ES-TRAD\" style=\"font-family: Calibri, sans-serif;\">Declarada Miembro de Buena Voluntad&rdquo; <\/span><\/b><span lang=\"ES-TRAD\" style=\"font-family: Calibri, sans-serif;\">por la American Cleft Palate-Craniofacial Association.<o:p><\/o:p><\/span><\/span><\/p>\n<\/p>\n<p class=\"MsoNormal\" style=\"text-align: justify; tab-stops: 49.65pt;\"><span style=\"color: #333333;\"><b><span lang=\"ES\" style=\"font-family: Calibri, sans-serif;\"><o:p>&nbsp;2005&nbsp;<\/o:p><\/span><\/b><b><span lang=\"ES-TRAD\" style=\"font-family: Calibri, sans-serif;\">&ldquo;Premio Pensar en el Futuro&rdquo;<\/span><\/b><span lang=\"ES-TRAD\" style=\"font-family: Calibri, sans-serif;\">, seleccionada por COMUNIA para realizar un plan de comunicaci&oacute;n Institucional.<o:p><\/o:p><\/span><\/span><\/p>\n<\/p>\n<p class=\"MsoNormal\" style=\"text-align: justify; tab-stops: 49.65pt;\"><span style=\"color: #333333;\"><b><span lang=\"ES\" style=\"font-size: 14pt; font-family: Calibri, sans-serif;\"><o:p>&nbsp;<\/o:p><\/span><\/b><\/span><b style=\"font-size: 14px; background-color: #ffffff; color: #333333;\"><span lang=\"ES-TRAD\" style=\"font-family: Calibri, sans-serif;\"><o:p>2003&nbsp;<\/o:p><\/span><\/b><b style=\"color: #333333; font-size: 14px;\"><span lang=\"ES-TRAD\" style=\"font-family: Calibri, sans-serif;\">&ldquo;Premio Mejor Emprendimiento Solidario en Salud&rdquo; <\/span><\/b><span lang=\"ES-TRAD\" style=\"font-family: Calibri, sans-serif;\">Categor&iacute;a ONG, otorgado por el Foro Ecum&eacute;nico Social.<\/span><\/p>\n<\/p>\n<p class=\"MsoNormal\" style=\"text-align: justify; tab-stops: 49.65pt;\"><span style=\"color: #333333;\"><b><span lang=\"ES-TRAD\" style=\"font-family: Calibri, sans-serif;\"><o:p>&nbsp;1999&nbsp;<\/o:p><\/span><\/b><b><span lang=\"ES-TRAD\" style=\"font-family: Calibri, sans-serif;\">&ldquo;Declarada Organizaci&oacute;n de Acci&oacute;n Comunitaria&rdquo;, <\/span><\/b><span lang=\"ES-TRAD\" style=\"font-family: Calibri, sans-serif;\">Direcci&oacute;n Gral. de Relaciones con la Comunidad del Gobierno de la Ciudad de Bs.As.<b><o:p><\/o:p><\/b><\/span><\/span><\/p>\n<\/p>\n<p class=\"MsoNormal\" style=\"text-align: justify; tab-stops: 49.65pt;\"><span style=\"color: #333333;\"><b><span lang=\"ES-TRAD\" style=\"font-family: Calibri, sans-serif;\"><o:p>1998&nbsp;&nbsp;<\/o:p><\/span><\/b><b><span lang=\"ES-TRAD\" style=\"font-family: Calibri, sans-serif;\">&ldquo;Declarada Entidad de Bien P&uacute;blico &rdquo;, <\/span><\/b><span lang=\"ES-TRAD\" style=\"font-family: Calibri, sans-serif;\">Subsecretar&iacute;a de Desarrollo Social de la Presidencia de la Naci&oacute;n.<o:p><\/o:p><\/span><\/span><\/p>\n<\/p>\n<p class=\"MsoNormal\" style=\"text-align: justify; tab-stops: 49.65pt;\"><span style=\"color: #333333;\"><b><span lang=\"ES-TRAD\" style=\"font-family: Calibri, sans-serif;\"><o:p>&nbsp;1997&nbsp;<\/o:p><\/span><\/b><b><span lang=\"ES-TRAD\" style=\"font-family: Calibri, sans-serif;\">&ldquo;Declarada Entidad de Bien P&uacute;blico&rdquo;, <\/span><\/b><span lang=\"ES-TRAD\" style=\"font-family: Calibri, sans-serif;\">Direcci&oacute;n General de Relaciones Institucionales de la Municipalidad de Avellaneda. <o:p><\/o:p><\/span><\/span><\/p>\n<\/p>\n<p class=\"MsoNormal\" style=\"text-align: justify; tab-stops: 49.65pt;\"><span style=\"color: #333333;\"><b><span lang=\"ES-TRAD\" style=\"font-family: Calibri, sans-serif;\"><o:p>&nbsp;1996&nbsp;<\/o:p><\/span><\/b><b><span lang=\"ES-TRAD\" style=\"font-family: Calibri, sans-serif;\">&ldquo;Entidad Solidaria&rdquo;, <\/span><\/b><\/span><span lang=\"ES-TRAD\" style=\"font-family: 'Calibri','sans-serif'; mso-bidi-font-family: Arial; color: #17365d; mso-ansi-language: ES-TRAD; mso-bidi-font-weight: bold;\"><span style=\"color: #333333;\">Jornadas de Reconocimiento y Solidaridad del FREPASO.&nbsp;<\/span><o:p><\/o:p><\/span><\/p>\n<\/p>\n<p>[\/et_pb_text][\/et_pb_column][\/et_pb_row][\/et_pb_section][et_pb_section transparent_background=\u00bboff\u00bb allow_player_pause=\u00bboff\u00bb inner_shadow=\u00bboff\u00bb parallax=\u00bboff\u00bb parallax_method=\u00bbon\u00bb custom_padding=\u00bb0px|0px|1px|0px\u00bb padding_mobile=\u00bboff\u00bb make_fullwidth=\u00bboff\u00bb use_custom_width=\u00bboff\u00bb width_unit=\u00bboff\u00bb custom_width_px=\u00bb1080px\u00bb custom_width_percent=\u00bb80%\u00bb make_equal=\u00bboff\u00bb use_custom_gutter=\u00bboff\u00bb fullwidth=\u00bboff\u00bb specialty=\u00bboff\u00bb admin_label=\u00bbSecci\u00f3n\u00bb disabled=\u00bboff\u00bb][et_pb_row make_fullwidth=\u00bboff\u00bb use_custom_width=\u00bboff\u00bb width_unit=\u00bboff\u00bb custom_width_px=\u00bb1080px\u00bb custom_width_percent=\u00bb80%\u00bb use_custom_gutter=\u00bboff\u00bb gutter_width=\u00bb3&#8243; padding_mobile=\u00bboff\u00bb allow_player_pause=\u00bboff\u00bb parallax=\u00bboff\u00bb parallax_method=\u00bbon\u00bb make_equal=\u00bboff\u00bb column_padding_mobile=\u00bbon\u00bb parallax_1=\u00bboff\u00bb parallax_method_1=\u00bbon\u00bb parallax_2=\u00bboff\u00bb parallax_method_2=\u00bbon\u00bb parallax_3=\u00bboff\u00bb parallax_method_3=\u00bbon\u00bb parallax_4=\u00bboff\u00bb parallax_method_4=\u00bbon\u00bb admin_label=\u00bbFila\u00bb disabled=\u00bboff\u00bb][et_pb_column type=\u00bb4_4&#8243; disabled=\u00bboff\u00bb parallax=\u00bboff\u00bb parallax_method=\u00bbon\u00bb column_padding_mobile=\u00bbon\u00bb][et_pb_text background_layout=\u00bblight\u00bb text_orientation=\u00bbcenter\u00bb admin_label=\u00bbTexto\u00bb use_border_color=\u00bboff\u00bb border_style=\u00bbsolid\u00bb disabled=\u00bboff\u00bb]<\/p>\n<h3 style=\"text-align: center;\">Colaboran con nosotros<\/h3>\n<p>[\/et_pb_text][et_pb_code admin_label=\u00bbC\u00f3digo\u00bb disabled=\u00bboff\u00bb]<div class=\"ed-carousel-wrp ed-carousel-429\"><div id=\"ed-carousel-429\" class=\"owl-carousel ed-carousel center\"><div class=\"ed-item\"><img src=\"https:\/\/www.asociacion-piel.org.ar\/web\/wp-content\/uploads\/2017\/03\/logo-smile-train-web.png\" alt=\"\" class=\"masterTooltip\" title=\"\"><\/div><div class=\"ed-item\"><img src=\"https:\/\/www.asociacion-piel.org.ar\/web\/wp-content\/uploads\/2017\/03\/logo-FNV.png\" alt=\"\" class=\"masterTooltip\" title=\"\"><\/div><div class=\"ed-item\"><img src=\"https:\/\/www.asociacion-piel.org.ar\/web\/wp-content\/uploads\/2017\/04\/BAF-FundacionLOGO-1.jpg\" alt=\"\" class=\"masterTooltip\" title=\"\"><\/div><div class=\"ed-item\"><img src=\"https:\/\/www.asociacion-piel.org.ar\/web\/wp-content\/uploads\/2017\/03\/LATICFA-web.png\" alt=\"\" class=\"masterTooltip\" title=\"\"><\/div><div class=\"ed-item\"><img src=\"https:\/\/www.asociacion-piel.org.ar\/web\/wp-content\/uploads\/2017\/02\/world.jpg\" alt=\"\" class=\"masterTooltip\" title=\"\"><\/div><div class=\"ed-item\"><img src=\"https:\/\/www.asociacion-piel.org.ar\/web\/wp-content\/uploads\/2017\/03\/journal-web.jpg\" alt=\"\" class=\"masterTooltip\" title=\"\"><\/div><div class=\"ed-item\"><img src=\"https:\/\/www.asociacion-piel.org.ar\/web\/wp-content\/uploads\/2017\/02\/sobrapar.jpg\" alt=\"\" class=\"masterTooltip\" title=\"\"><\/div><div class=\"ed-item\"><img src=\"https:\/\/www.asociacion-piel.org.ar\/web\/wp-content\/uploads\/2017\/02\/fundacion.jpg\" alt=\"\" class=\"masterTooltip\" title=\"\"><\/div><div class=\"ed-item\"><img src=\"https:\/\/www.asociacion-piel.org.ar\/web\/wp-content\/uploads\/2017\/03\/abflp-web.png\" alt=\"\" class=\"masterTooltip\" title=\"\"><\/div><\/div><\/div>[\/et_pb_code][\/et_pb_column][\/et_pb_row][\/et_pb_section][et_pb_section transparent_background=\u00bboff\u00bb background_color=\u00bb#f4f4f4&#8243; allow_player_pause=\u00bboff\u00bb inner_shadow=\u00bbon\u00bb parallax=\u00bboff\u00bb parallax_method=\u00bboff\u00bb custom_padding=\u00bb7px|0px|12px|0px\u00bb padding_mobile=\u00bboff\u00bb make_fullwidth=\u00bboff\u00bb use_custom_width=\u00bboff\u00bb width_unit=\u00bbon\u00bb custom_width_px=\u00bb1080px\u00bb custom_width_percent=\u00bb80%\u00bb make_equal=\u00bboff\u00bb use_custom_gutter=\u00bboff\u00bb fullwidth=\u00bboff\u00bb specialty=\u00bboff\u00bb admin_label=\u00bbSecci\u00f3n\u00bb disabled=\u00bboff\u00bb][et_pb_row make_fullwidth=\u00bboff\u00bb use_custom_width=\u00bboff\u00bb width_unit=\u00bboff\u00bb custom_width_px=\u00bb1080px\u00bb custom_width_percent=\u00bb80%\u00bb use_custom_gutter=\u00bboff\u00bb gutter_width=\u00bb3&#8243; custom_padding=\u00bb27px|0px|17px|0px\u00bb padding_mobile=\u00bboff\u00bb allow_player_pause=\u00bboff\u00bb parallax=\u00bboff\u00bb parallax_method=\u00bbon\u00bb make_equal=\u00bboff\u00bb column_padding_mobile=\u00bbon\u00bb parallax_1=\u00bboff\u00bb parallax_method_1=\u00bbon\u00bb parallax_2=\u00bboff\u00bb parallax_method_2=\u00bbon\u00bb parallax_3=\u00bboff\u00bb parallax_method_3=\u00bbon\u00bb parallax_4=\u00bboff\u00bb parallax_method_4=\u00bbon\u00bb admin_label=\u00bbFila\u00bb disabled=\u00bboff\u00bb][et_pb_column type=\u00bb4_4&#8243; disabled=\u00bboff\u00bb parallax=\u00bboff\u00bb parallax_method=\u00bbon\u00bb column_padding_mobile=\u00bbon\u00bb][et_pb_text background_layout=\u00bblight\u00bb text_orientation=\u00bbleft\u00bb admin_label=\u00bbTexto\u00bb use_border_color=\u00bboff\u00bb border_style=\u00bbsolid\u00bb disabled=\u00bboff\u00bb]<\/p>\n<h4 style=\"text-align: center;\"><a href=\"http:\/\/www.asociacion-piel.org.ar\/web\/wp-content\/uploads\/2017\/01\/logo-asociacion-trans.fw_.png\"><img loading=\"lazy\" class=\"alignnone wp-image-404\" src=\"http:\/\/www.asociacion-piel.org.ar\/web\/wp-content\/uploads\/2017\/01\/logo-asociacion-trans.fw_-300x225.png\" alt=\"\" width=\"134\" height=\"100\" srcset=\"https:\/\/www.asociacion-piel.org.ar\/web\/wp-content\/uploads\/2017\/01\/logo-asociacion-trans.fw_-300x225.png 300w, https:\/\/www.asociacion-piel.org.ar\/web\/wp-content\/uploads\/2017\/01\/logo-asociacion-trans.fw_-510x382.png 510w, https:\/\/www.asociacion-piel.org.ar\/web\/wp-content\/uploads\/2017\/01\/logo-asociacion-trans.fw_.png 525w\" sizes=\"(max-width: 134px) 100vw, 134px\" \/><\/a><\/h4>\n<h4 style=\"text-align: center;\"><\/h4>\n<h4 style=\"text-align: center;\"><span style=\"color: #00ccff;\">ASOCIACION PIEL<\/span>\u00a0&#8211; Asociaci\u00f3n civil sin fines de lucro &#8211; Personer\u00eda Jur\u00eddica N\u00ba 1.506.950<\/h4>\n<p>[\/et_pb_text][\/et_pb_column][\/et_pb_row][\/et_pb_section][et_pb_section transparent_background=\u00bboff\u00bb background_color=\u00bb#283139&#8243; allow_player_pause=\u00bboff\u00bb inner_shadow=\u00bboff\u00bb parallax=\u00bboff\u00bb parallax_method=\u00bbon\u00bb padding_mobile=\u00bboff\u00bb make_fullwidth=\u00bboff\u00bb use_custom_width=\u00bboff\u00bb width_unit=\u00bboff\u00bb custom_width_px=\u00bb1080px\u00bb custom_width_percent=\u00bb80%\u00bb make_equal=\u00bboff\u00bb use_custom_gutter=\u00bboff\u00bb fullwidth=\u00bboff\u00bb specialty=\u00bboff\u00bb admin_label=\u00bbsection\u00bb disabled=\u00bboff\u00bb][et_pb_row make_fullwidth=\u00bboff\u00bb use_custom_width=\u00bboff\u00bb width_unit=\u00bboff\u00bb custom_width_px=\u00bb1080px\u00bb custom_width_percent=\u00bb80%\u00bb use_custom_gutter=\u00bboff\u00bb gutter_width=\u00bb3&#8243; padding_mobile=\u00bboff\u00bb allow_player_pause=\u00bboff\u00bb parallax=\u00bboff\u00bb parallax_method=\u00bbon\u00bb make_equal=\u00bboff\u00bb column_padding_mobile=\u00bbon\u00bb parallax_1=\u00bboff\u00bb parallax_method_1=\u00bbon\u00bb parallax_2=\u00bboff\u00bb parallax_method_2=\u00bbon\u00bb parallax_3=\u00bboff\u00bb parallax_method_3=\u00bbon\u00bb parallax_4=\u00bboff\u00bb parallax_method_4=\u00bbon\u00bb admin_label=\u00bbrow\u00bb disabled=\u00bboff\u00bb][et_pb_column type=\u00bb1_2&#8243; disabled=\u00bboff\u00bb parallax=\u00bboff\u00bb parallax_method=\u00bbon\u00bb column_padding_mobile=\u00bbon\u00bb][et_pb_blurb title=\u00bbBuenos Aires\u00bb url_new_window=\u00bboff\u00bb use_icon=\u00bbon\u00bb font_icon=\u00bbR\u00bb icon_color=\u00bb#ec6d5f\u00bb use_circle=\u00bboff\u00bb circle_color=\u00bb#2caaca\u00bb use_circle_border=\u00bboff\u00bb circle_border_color=\u00bb#2caaca\u00bb icon_placement=\u00bbleft\u00bb animation=\u00bbbottom\u00bb background_layout=\u00bbdark\u00bb text_orientation=\u00bbcenter\u00bb use_icon_font_size=\u00bboff\u00bb icon_font_size=\u00bb96px\u00bb admin_label=\u00bbBlurb\u00bb use_border_color=\u00bboff\u00bb border_color=\u00bb#ffffff\u00bb border_width=\u00bb1px\u00bb border_style=\u00bbsolid\u00bb disabled=\u00bboff\u00bb]<\/p>\n<p>Av. J.B. Pala\u00e1 536, Avellaneda (1870), Provincia de Buenos Aires, Argentina. &#8211; Tel: +(54 11) 4201-1001 \/ 4913<br \/>\nE-mail: <span id=\"cloak9440\"><a href=\"mailto:info@asociacion-piel.org.ar\">info@asociacion-piel.org.ar<\/a><\/span><\/p>\n<p>[\/et_pb_blurb][\/et_pb_column][et_pb_column type=\u00bb1_2&#8243; disabled=\u00bboff\u00bb parallax=\u00bboff\u00bb parallax_method=\u00bbon\u00bb column_padding_mobile=\u00bbon\u00bb][et_pb_blurb title=\u00bbC\u00f3rdoba\u00bb url_new_window=\u00bboff\u00bb use_icon=\u00bbon\u00bb font_icon=\u00bbR\u00bb icon_color=\u00bb#ec6d5f\u00bb use_circle=\u00bboff\u00bb circle_color=\u00bb#2caaca\u00bb use_circle_border=\u00bboff\u00bb circle_border_color=\u00bb#2caaca\u00bb icon_placement=\u00bbleft\u00bb animation=\u00bbtop\u00bb background_layout=\u00bbdark\u00bb text_orientation=\u00bbcenter\u00bb use_icon_font_size=\u00bboff\u00bb icon_font_size=\u00bb96px\u00bb admin_label=\u00bbBlurb\u00bb use_border_color=\u00bboff\u00bb border_color=\u00bb#ffffff\u00bb border_width=\u00bb1px\u00bb border_style=\u00bbsolid\u00bb disabled=\u00bboff\u00bb]<\/p>\n<p style=\"text-align: left;\" align=\"center\">Bedoya N\u00b0 118. Planta baja A\u00a0\u00a0&#8211; C.P. 5000 &#8211; C\u00f3rdoba, Argentina. &#8211; Tel: +(54 351) 156838058<br \/>\nE-mail: <span id=\"cloak78226\"><a href=\"mailto:info@asociacion-piel.org.ar\">info@asociacion-piel.org.ar<\/a><\/span><\/p>\n<p>[\/et_pb_blurb][\/et_pb_column][\/et_pb_row][\/et_pb_section]<\/p>\n","protected":false},"excerpt":{"rendered":"<p>[et_pb_section transparent_background=\u00bboff\u00bb allow_player_pause=\u00bboff\u00bb inner_shadow=\u00bboff\u00bb parallax=\u00bboff\u00bb parallax_method=\u00bbon\u00bb padding_mobile=\u00bboff\u00bb make_fullwidth=\u00bboff\u00bb use_custom_width=\u00bboff\u00bb width_unit=\u00bboff\u00bb custom_width_px=\u00bb1080px\u00bb custom_width_percent=\u00bb80%\u00bb make_equal=\u00bboff\u00bb use_custom_gutter=\u00bboff\u00bb fullwidth=\u00bboff\u00bb specialty=\u00bboff\u00bb admin_label=\u00bbsection\u00bb disabled=\u00bboff\u00bb][et_pb_row make_fullwidth=\u00bboff\u00bb use_custom_width=\u00bboff\u00bb width_unit=\u00bboff\u00bb custom_width_px=\u00bb1080px\u00bb custom_width_percent=\u00bb80%\u00bb use_custom_gutter=\u00bboff\u00bb gutter_width=\u00bb3&#8243; custom_padding=\u00bb27px|0px|27px|0px\u00bb padding_mobile=\u00bboff\u00bb allow_player_pause=\u00bboff\u00bb parallax=\u00bboff\u00bb parallax_method=\u00bbon\u00bb make_equal=\u00bboff\u00bb column_padding_mobile=\u00bbon\u00bb parallax_1=\u00bboff\u00bb parallax_method_1=\u00bbon\u00bb parallax_2=\u00bboff\u00bb parallax_method_2=\u00bbon\u00bb parallax_3=\u00bboff\u00bb parallax_method_3=\u00bbon\u00bb parallax_4=\u00bboff\u00bb parallax_method_4=\u00bbon\u00bb admin_label=\u00bbrow\u00bb disabled=\u00bboff\u00bb][et_pb_column type=\u00bb4_4&#8243; disabled=\u00bboff\u00bb parallax=\u00bboff\u00bb parallax_method=\u00bbon\u00bb column_padding_mobile=\u00bbon\u00bb][et_pb_text background_layout=\u00bblight\u00bb text_orientation=\u00bbleft\u00bb admin_label=\u00bbTexto\u00bb use_border_color=\u00bboff\u00bb border_style=\u00bbsolid\u00bb disabled=\u00bboff\u00bb] Premios y [&hellip;]<\/p>\n","protected":false},"author":2,"featured_media":0,"parent":0,"menu_order":0,"comment_status":"closed","ping_status":"closed","template":"","meta":{"_et_pb_use_builder":"on","_et_pb_old_content":"","_et_gb_content_width":""},"_links":{"self":[{"href":"https:\/\/www.asociacion-piel.org.ar\/web\/wp-json\/wp\/v2\/pages\/281"}],"collection":[{"href":"https:\/\/www.asociacion-piel.org.ar\/web\/wp-json\/wp\/v2\/pages"}],"about":[{"href":"https:\/\/www.asociacion-piel.org.ar\/web\/wp-json\/wp\/v2\/types\/page"}],"author":[{"embeddable":true,"href":"https:\/\/www.asociacion-piel.org.ar\/web\/wp-json\/wp\/v2\/users\/2"}],"replies":[{"embeddable":true,"href":"https:\/\/www.asociacion-piel.org.ar\/web\/wp-json\/wp\/v2\/comments?post=281"}],"version-history":[{"count":6,"href":"https:\/\/www.asociacion-piel.org.ar\/web\/wp-json\/wp\/v2\/pages\/281\/revisions"}],"predecessor-version":[{"id":900,"href":"https:\/\/www.asociacion-piel.org.ar\/web\/wp-json\/wp\/v2\/pages\/281\/revisions\/900"}],"wp:attachment":[{"href":"https:\/\/www.asociacion-piel.org.ar\/web\/wp-json\/wp\/v2\/media?parent=281"}],"curies":[{"name":"wp","href":"https:\/\/api.w.org\/{rel}","templated":true}]}}