{"id":541,"date":"2017-03-06T18:58:45","date_gmt":"2017-03-06T18:58:45","guid":{"rendered":"http:\/\/www.asociacion-piel.org.ar\/web\/?page_id=541"},"modified":"2019-06-14T17:21:07","modified_gmt":"2019-06-14T17:21:07","slug":"objetivos-logrados","status":"publish","type":"page","link":"https:\/\/www.asociacion-piel.org.ar\/web\/objetivos-logrados\/","title":{"rendered":"Objetivos logrados"},"content":{"rendered":"<p>[et_pb_section transparent_background=\u00bboff\u00bb allow_player_pause=\u00bboff\u00bb inner_shadow=\u00bboff\u00bb parallax=\u00bboff\u00bb parallax_method=\u00bbon\u00bb custom_padding=\u00bb0px|0px|1px|0px\u00bb padding_mobile=\u00bboff\u00bb make_fullwidth=\u00bboff\u00bb use_custom_width=\u00bboff\u00bb width_unit=\u00bboff\u00bb custom_width_px=\u00bb1080px\u00bb custom_width_percent=\u00bb80%\u00bb make_equal=\u00bboff\u00bb use_custom_gutter=\u00bboff\u00bb fullwidth=\u00bboff\u00bb specialty=\u00bboff\u00bb admin_label=\u00bbSecci\u00f3n\u00bb disabled=\u00bboff\u00bb][et_pb_row make_fullwidth=\u00bboff\u00bb use_custom_width=\u00bboff\u00bb width_unit=\u00bboff\u00bb custom_width_px=\u00bb1080px\u00bb custom_width_percent=\u00bb80%\u00bb use_custom_gutter=\u00bboff\u00bb gutter_width=\u00bb3&#8243; padding_mobile=\u00bboff\u00bb allow_player_pause=\u00bboff\u00bb parallax=\u00bboff\u00bb parallax_method=\u00bbon\u00bb make_equal=\u00bboff\u00bb column_padding_mobile=\u00bbon\u00bb parallax_1=\u00bboff\u00bb parallax_method_1=\u00bbon\u00bb parallax_2=\u00bboff\u00bb parallax_method_2=\u00bbon\u00bb parallax_3=\u00bboff\u00bb parallax_method_3=\u00bbon\u00bb parallax_4=\u00bboff\u00bb parallax_method_4=\u00bbon\u00bb admin_label=\u00bbFila\u00bb disabled=\u00bboff\u00bb][et_pb_column type=\u00bb4_4&#8243; disabled=\u00bboff\u00bb parallax=\u00bboff\u00bb parallax_method=\u00bbon\u00bb column_padding_mobile=\u00bbon\u00bb][et_pb_text background_layout=\u00bblight\u00bb text_orientation=\u00bbcenter\u00bb admin_label=\u00bbTexto\u00bb use_border_color=\u00bboff\u00bb border_style=\u00bbsolid\u00bb disabled=\u00bboff\u00bb]<\/p>\n<h1 style=\"text-align: center;\">Objetivos Logrados<\/h1>\n<\/p>\n<h3 style=\"margin-top: 10px; padding-bottom: 0px; font-size: 20px; font-family: Arial, 'Arial Unicode MS', Helvetica, sans-serif; line-height: 24px; color: #fb7c3c; text-align: left; background-color: #ffffff;\"><span style=\"color: #333333;\">Per&iacute;odo Diciembre 1995 &#8211; Marzo 2019:<\/span><\/h3>\n<\/p>\n<ul style=\"margin-top: 1em; margin-bottom: 1em; margin-left: 11px; padding-bottom: 0px; padding-left: 0px; list-style-type: none; color: #04617b; font-family: Arial, 'Arial Unicode MS', Helvetica, sans-serif; font-size: 13px; text-align: left; background-color: #ffffff;\">\n<li style=\"margin-top: 3px; padding-left: 17px; line-height: 22.75px; overflow-x: visible; overflow-y: hidden;\"><span style=\"color: #333333;\">A la fecha se han atendido<strong>&nbsp;5123&nbsp;<\/strong>nuevos pacientes.<\/span><\/li>\n<li style=\"margin-top: 3px; padding-left: 17px; line-height: 22.75px; overflow-x: visible; overflow-y: hidden;\"><span style=\"color: #333333;\">Se reciben un promedio de<strong>&nbsp;495&nbsp;<\/strong>consultas mensuales.<\/span><\/li>\n<li style=\"margin-top: 3px; padding-left: 17px; line-height: 22.75px; overflow-x: visible; overflow-y: hidden;\"><span style=\"color: #333333;\">Se han realizado a la fecha<strong>&nbsp;4800&nbsp;<\/strong>cirug&iacute;as.<\/span><\/li>\n<li style=\"margin-top: 3px; padding-left: 17px; line-height: 22.75px; overflow-x: visible; overflow-y: hidden;\"><span style=\"color: #333333;\">Se encuentran en seguimiento activo y rehabilitaci&oacute;n&nbsp;<b>592<\/b>&nbsp;ni&ntilde;os.<\/span><\/li>\n<\/ul>\n<p><span style=\"color: #333333;\"><\/span><\/p>\n<ul style=\"margin-top: 1em; margin-bottom: 1em; margin-left: 11px; padding-bottom: 0px; padding-left: 0px; list-style-type: none; color: #04617b; font-family: Arial, 'Arial Unicode MS', Helvetica, sans-serif; font-size: 13px; text-align: left; background-color: #ffffff;\">\n<li style=\"margin-top: 3px; padding-left: 17px; line-height: 22.75px; overflow-x: visible; overflow-y: hidden;\"><span style=\"color: #333333;\"><\/span><\/li>\n<li style=\"margin-top: 3px; padding-left: 17px; line-height: 22.75px; overflow-x: visible; overflow-y: hidden;\"><\/li>\n<\/ul>\n<h3 style=\"margin-top: 10px; padding-bottom: 0px; font-size: 20px; font-family: Arial, 'Arial Unicode MS', Helvetica, sans-serif; line-height: 24px; color: #fb7c3c; text-align: left; background-color: #ffffff;\"><span style=\"color: #333333;\">El resultado mas importante..<\/span><\/h3>\n<p style=\"margin-top: 13px; margin-bottom: 13px; padding-bottom: 0px; color: #04617b; font-family: Arial, 'Arial Unicode MS', Helvetica, sans-serif; font-size: 13px; text-align: left; background-color: #ffffff;\"><span style=\"color: #333333;\">&#8230;consiste en haber logrado transformar a los familiares de nuestros pacientes, en los principales protagonistas de la rehabilitaci&oacute;n y la reinserci&oacute;n social de sus hijos.<\/span><\/p>\n<p style=\"margin-top: 13px; margin-bottom: 13px; color: #04617b; font-family: Arial, 'Arial Unicode MS', Helvetica, sans-serif; font-size: 13px; text-align: left; background-color: #ffffff;\"><span style=\"color: #333333;\">Al inculcarles que la ayuda recibida merece su colaboraci&oacute;n, los padres de los ni&ntilde;os ya tratados, se transforman con placer en eficientes asesores de las nuevas familias que padecen su mismo problema.<\/span><\/p>\n<p>[\/et_pb_text][\/et_pb_column][\/et_pb_row][\/et_pb_section][et_pb_section transparent_background=\u00bboff\u00bb allow_player_pause=\u00bboff\u00bb inner_shadow=\u00bboff\u00bb parallax=\u00bboff\u00bb parallax_method=\u00bbon\u00bb custom_padding=\u00bb0px|0px|1px|0px\u00bb padding_mobile=\u00bboff\u00bb make_fullwidth=\u00bboff\u00bb use_custom_width=\u00bboff\u00bb width_unit=\u00bboff\u00bb custom_width_px=\u00bb1080px\u00bb custom_width_percent=\u00bb80%\u00bb make_equal=\u00bboff\u00bb use_custom_gutter=\u00bboff\u00bb fullwidth=\u00bboff\u00bb specialty=\u00bboff\u00bb admin_label=\u00bbSecci\u00f3n\u00bb disabled=\u00bboff\u00bb][et_pb_row make_fullwidth=\u00bboff\u00bb use_custom_width=\u00bboff\u00bb width_unit=\u00bboff\u00bb custom_width_px=\u00bb1080px\u00bb custom_width_percent=\u00bb80%\u00bb use_custom_gutter=\u00bboff\u00bb gutter_width=\u00bb3&#8243; padding_mobile=\u00bboff\u00bb allow_player_pause=\u00bboff\u00bb parallax=\u00bboff\u00bb parallax_method=\u00bbon\u00bb make_equal=\u00bboff\u00bb column_padding_mobile=\u00bbon\u00bb parallax_1=\u00bboff\u00bb parallax_method_1=\u00bbon\u00bb parallax_2=\u00bboff\u00bb parallax_method_2=\u00bbon\u00bb parallax_3=\u00bboff\u00bb parallax_method_3=\u00bbon\u00bb parallax_4=\u00bboff\u00bb parallax_method_4=\u00bbon\u00bb admin_label=\u00bbFila\u00bb disabled=\u00bboff\u00bb][et_pb_column type=\u00bb4_4&#8243; disabled=\u00bboff\u00bb parallax=\u00bboff\u00bb parallax_method=\u00bbon\u00bb column_padding_mobile=\u00bbon\u00bb][et_pb_text background_layout=\u00bblight\u00bb text_orientation=\u00bbcenter\u00bb admin_label=\u00bbTexto\u00bb use_border_color=\u00bboff\u00bb border_style=\u00bbsolid\u00bb disabled=\u00bboff\u00bb]<\/p>\n<h3 style=\"text-align: center;\">Colaboran con nosotros<\/h3>\n<p>[\/et_pb_text][et_pb_code admin_label=\u00bbC\u00f3digo\u00bb disabled=\u00bboff\u00bb]<div class=\"ed-carousel-wrp ed-carousel-429\"><div id=\"ed-carousel-429\" class=\"owl-carousel ed-carousel center\"><div class=\"ed-item\"><img src=\"https:\/\/www.asociacion-piel.org.ar\/web\/wp-content\/uploads\/2017\/03\/logo-smile-train-web.png\" alt=\"\" class=\"masterTooltip\" title=\"\"><\/div><div class=\"ed-item\"><img src=\"https:\/\/www.asociacion-piel.org.ar\/web\/wp-content\/uploads\/2017\/03\/logo-FNV.png\" alt=\"\" class=\"masterTooltip\" title=\"\"><\/div><div class=\"ed-item\"><img src=\"https:\/\/www.asociacion-piel.org.ar\/web\/wp-content\/uploads\/2017\/04\/BAF-FundacionLOGO-1.jpg\" alt=\"\" class=\"masterTooltip\" title=\"\"><\/div><div class=\"ed-item\"><img src=\"https:\/\/www.asociacion-piel.org.ar\/web\/wp-content\/uploads\/2017\/03\/LATICFA-web.png\" alt=\"\" class=\"masterTooltip\" title=\"\"><\/div><div class=\"ed-item\"><img src=\"https:\/\/www.asociacion-piel.org.ar\/web\/wp-content\/uploads\/2017\/02\/world.jpg\" alt=\"\" class=\"masterTooltip\" title=\"\"><\/div><div class=\"ed-item\"><img src=\"https:\/\/www.asociacion-piel.org.ar\/web\/wp-content\/uploads\/2017\/03\/journal-web.jpg\" alt=\"\" class=\"masterTooltip\" title=\"\"><\/div><div class=\"ed-item\"><img src=\"https:\/\/www.asociacion-piel.org.ar\/web\/wp-content\/uploads\/2017\/02\/sobrapar.jpg\" alt=\"\" class=\"masterTooltip\" title=\"\"><\/div><div class=\"ed-item\"><img src=\"https:\/\/www.asociacion-piel.org.ar\/web\/wp-content\/uploads\/2017\/02\/fundacion.jpg\" alt=\"\" class=\"masterTooltip\" title=\"\"><\/div><div class=\"ed-item\"><img src=\"https:\/\/www.asociacion-piel.org.ar\/web\/wp-content\/uploads\/2017\/03\/abflp-web.png\" alt=\"\" class=\"masterTooltip\" title=\"\"><\/div><\/div><\/div>[\/et_pb_code][\/et_pb_column][\/et_pb_row][\/et_pb_section][et_pb_section transparent_background=\u00bboff\u00bb background_color=\u00bb#f4f4f4&#8243; allow_player_pause=\u00bboff\u00bb inner_shadow=\u00bbon\u00bb parallax=\u00bboff\u00bb parallax_method=\u00bboff\u00bb custom_padding=\u00bb7px|0px|12px|0px\u00bb padding_mobile=\u00bboff\u00bb make_fullwidth=\u00bboff\u00bb use_custom_width=\u00bboff\u00bb width_unit=\u00bbon\u00bb custom_width_px=\u00bb1080px\u00bb custom_width_percent=\u00bb80%\u00bb make_equal=\u00bboff\u00bb use_custom_gutter=\u00bboff\u00bb fullwidth=\u00bboff\u00bb specialty=\u00bboff\u00bb admin_label=\u00bbSecci\u00f3n\u00bb disabled=\u00bboff\u00bb][et_pb_row make_fullwidth=\u00bboff\u00bb use_custom_width=\u00bboff\u00bb width_unit=\u00bboff\u00bb custom_width_px=\u00bb1080px\u00bb custom_width_percent=\u00bb80%\u00bb use_custom_gutter=\u00bboff\u00bb gutter_width=\u00bb3&#8243; custom_padding=\u00bb27px|0px|17px|0px\u00bb padding_mobile=\u00bboff\u00bb allow_player_pause=\u00bboff\u00bb parallax=\u00bboff\u00bb parallax_method=\u00bbon\u00bb make_equal=\u00bboff\u00bb column_padding_mobile=\u00bbon\u00bb parallax_1=\u00bboff\u00bb parallax_method_1=\u00bbon\u00bb parallax_2=\u00bboff\u00bb parallax_method_2=\u00bbon\u00bb parallax_3=\u00bboff\u00bb parallax_method_3=\u00bbon\u00bb parallax_4=\u00bboff\u00bb parallax_method_4=\u00bbon\u00bb admin_label=\u00bbFila\u00bb disabled=\u00bboff\u00bb][et_pb_column type=\u00bb4_4&#8243; disabled=\u00bboff\u00bb parallax=\u00bboff\u00bb parallax_method=\u00bbon\u00bb column_padding_mobile=\u00bbon\u00bb][et_pb_text background_layout=\u00bblight\u00bb text_orientation=\u00bbleft\u00bb admin_label=\u00bbTexto\u00bb use_border_color=\u00bboff\u00bb border_style=\u00bbsolid\u00bb disabled=\u00bboff\u00bb]<\/p>\n<h4 style=\"text-align: center;\"><a href=\"http:\/\/www.asociacion-piel.org.ar\/web\/wp-content\/uploads\/2017\/01\/logo-asociacion-trans.fw_.png\"><img loading=\"lazy\" class=\"alignnone wp-image-404\" src=\"http:\/\/www.asociacion-piel.org.ar\/web\/wp-content\/uploads\/2017\/01\/logo-asociacion-trans.fw_-300x225.png\" alt=\"\" width=\"134\" height=\"100\" srcset=\"https:\/\/www.asociacion-piel.org.ar\/web\/wp-content\/uploads\/2017\/01\/logo-asociacion-trans.fw_-300x225.png 300w, https:\/\/www.asociacion-piel.org.ar\/web\/wp-content\/uploads\/2017\/01\/logo-asociacion-trans.fw_-510x382.png 510w, https:\/\/www.asociacion-piel.org.ar\/web\/wp-content\/uploads\/2017\/01\/logo-asociacion-trans.fw_.png 525w\" sizes=\"(max-width: 134px) 100vw, 134px\" \/><\/a><\/h4>\n<h4 style=\"text-align: center;\"><\/h4>\n<h4 style=\"text-align: center;\"><span style=\"color: #00ccff;\">ASOCIACION PIEL<\/span>\u00a0&#8211; Asociaci\u00f3n civil sin fines de lucro &#8211; Personer\u00eda Jur\u00eddica N\u00ba 1.506.950<\/h4>\n<p>[\/et_pb_text][\/et_pb_column][\/et_pb_row][\/et_pb_section][et_pb_section transparent_background=\u00bboff\u00bb background_color=\u00bb#283139&#8243; allow_player_pause=\u00bboff\u00bb inner_shadow=\u00bboff\u00bb parallax=\u00bboff\u00bb parallax_method=\u00bbon\u00bb padding_mobile=\u00bboff\u00bb make_fullwidth=\u00bboff\u00bb use_custom_width=\u00bboff\u00bb width_unit=\u00bboff\u00bb custom_width_px=\u00bb1080px\u00bb custom_width_percent=\u00bb80%\u00bb make_equal=\u00bboff\u00bb use_custom_gutter=\u00bboff\u00bb fullwidth=\u00bboff\u00bb specialty=\u00bboff\u00bb admin_label=\u00bbsection\u00bb disabled=\u00bboff\u00bb][et_pb_row make_fullwidth=\u00bboff\u00bb use_custom_width=\u00bboff\u00bb width_unit=\u00bboff\u00bb custom_width_px=\u00bb1080px\u00bb custom_width_percent=\u00bb80%\u00bb use_custom_gutter=\u00bboff\u00bb gutter_width=\u00bb3&#8243; padding_mobile=\u00bboff\u00bb allow_player_pause=\u00bboff\u00bb parallax=\u00bboff\u00bb parallax_method=\u00bbon\u00bb make_equal=\u00bboff\u00bb column_padding_mobile=\u00bbon\u00bb parallax_1=\u00bboff\u00bb parallax_method_1=\u00bbon\u00bb parallax_2=\u00bboff\u00bb parallax_method_2=\u00bbon\u00bb parallax_3=\u00bboff\u00bb parallax_method_3=\u00bbon\u00bb parallax_4=\u00bboff\u00bb parallax_method_4=\u00bbon\u00bb admin_label=\u00bbrow\u00bb disabled=\u00bboff\u00bb][et_pb_column type=\u00bb1_2&#8243; disabled=\u00bboff\u00bb parallax=\u00bboff\u00bb parallax_method=\u00bbon\u00bb column_padding_mobile=\u00bbon\u00bb][et_pb_blurb title=\u00bbBuenos Aires\u00bb url_new_window=\u00bboff\u00bb use_icon=\u00bbon\u00bb font_icon=\u00bbR\u00bb icon_color=\u00bb#ec6d5f\u00bb use_circle=\u00bboff\u00bb circle_color=\u00bb#2caaca\u00bb use_circle_border=\u00bboff\u00bb circle_border_color=\u00bb#2caaca\u00bb icon_placement=\u00bbleft\u00bb animation=\u00bbbottom\u00bb background_layout=\u00bbdark\u00bb text_orientation=\u00bbcenter\u00bb use_icon_font_size=\u00bboff\u00bb icon_font_size=\u00bb96px\u00bb admin_label=\u00bbBlurb\u00bb use_border_color=\u00bboff\u00bb border_color=\u00bb#ffffff\u00bb border_width=\u00bb1px\u00bb border_style=\u00bbsolid\u00bb disabled=\u00bboff\u00bb]<\/p>\n<p>Av. J.B. Pala\u00e1 536, Avellaneda (1870), Provincia de Buenos Aires, Argentina. &#8211; Tel: +(54 11) 4201-1001 \/ 4913<br \/>\nE-mail: <span id=\"cloak9440\"><a href=\"mailto:info@asociacion-piel.org.ar\">info@asociacion-piel.org.ar<\/a><\/span><\/p>\n<p>[\/et_pb_blurb][\/et_pb_column][et_pb_column type=\u00bb1_2&#8243; disabled=\u00bboff\u00bb parallax=\u00bboff\u00bb parallax_method=\u00bbon\u00bb column_padding_mobile=\u00bbon\u00bb][et_pb_blurb title=\u00bbC\u00f3rdoba\u00bb url_new_window=\u00bboff\u00bb use_icon=\u00bbon\u00bb font_icon=\u00bbR\u00bb icon_color=\u00bb#ec6d5f\u00bb use_circle=\u00bboff\u00bb circle_color=\u00bb#2caaca\u00bb use_circle_border=\u00bboff\u00bb circle_border_color=\u00bb#2caaca\u00bb icon_placement=\u00bbleft\u00bb animation=\u00bbtop\u00bb background_layout=\u00bbdark\u00bb text_orientation=\u00bbcenter\u00bb use_icon_font_size=\u00bboff\u00bb icon_font_size=\u00bb96px\u00bb admin_label=\u00bbBlurb\u00bb use_border_color=\u00bboff\u00bb border_color=\u00bb#ffffff\u00bb border_width=\u00bb1px\u00bb border_style=\u00bbsolid\u00bb disabled=\u00bboff\u00bb]<\/p>\n<p style=\"text-align: left;\" align=\"center\">Bedoya N\u00b0 118. Planta baja A\u00a0\u00a0&#8211; C.P. 5000 &#8211; C\u00f3rdoba, Argentina. &#8211; Tel: +(54 351) 156838058<br \/>\nE-mail: <span id=\"cloak78226\"><a href=\"mailto:info@asociacion-piel.org.ar\">info@asociacion-piel.org.ar<\/a><\/span><\/p>\n<p>[\/et_pb_blurb][\/et_pb_column][\/et_pb_row][\/et_pb_section]<\/p>\n","protected":false},"excerpt":{"rendered":"<p>[et_pb_section transparent_background=\u00bboff\u00bb allow_player_pause=\u00bboff\u00bb inner_shadow=\u00bboff\u00bb parallax=\u00bboff\u00bb parallax_method=\u00bbon\u00bb custom_padding=\u00bb0px|0px|1px|0px\u00bb padding_mobile=\u00bboff\u00bb make_fullwidth=\u00bboff\u00bb use_custom_width=\u00bboff\u00bb width_unit=\u00bboff\u00bb custom_width_px=\u00bb1080px\u00bb custom_width_percent=\u00bb80%\u00bb make_equal=\u00bboff\u00bb use_custom_gutter=\u00bboff\u00bb fullwidth=\u00bboff\u00bb specialty=\u00bboff\u00bb admin_label=\u00bbSecci\u00f3n\u00bb disabled=\u00bboff\u00bb][et_pb_row make_fullwidth=\u00bboff\u00bb use_custom_width=\u00bboff\u00bb width_unit=\u00bboff\u00bb custom_width_px=\u00bb1080px\u00bb custom_width_percent=\u00bb80%\u00bb use_custom_gutter=\u00bboff\u00bb gutter_width=\u00bb3&#8243; padding_mobile=\u00bboff\u00bb allow_player_pause=\u00bboff\u00bb parallax=\u00bboff\u00bb parallax_method=\u00bbon\u00bb make_equal=\u00bboff\u00bb column_padding_mobile=\u00bbon\u00bb parallax_1=\u00bboff\u00bb parallax_method_1=\u00bbon\u00bb parallax_2=\u00bboff\u00bb parallax_method_2=\u00bbon\u00bb parallax_3=\u00bboff\u00bb parallax_method_3=\u00bbon\u00bb parallax_4=\u00bboff\u00bb parallax_method_4=\u00bbon\u00bb admin_label=\u00bbFila\u00bb disabled=\u00bboff\u00bb][et_pb_column type=\u00bb4_4&#8243; disabled=\u00bboff\u00bb parallax=\u00bboff\u00bb parallax_method=\u00bbon\u00bb column_padding_mobile=\u00bbon\u00bb][et_pb_text background_layout=\u00bblight\u00bb text_orientation=\u00bbcenter\u00bb admin_label=\u00bbTexto\u00bb use_border_color=\u00bboff\u00bb border_style=\u00bbsolid\u00bb disabled=\u00bboff\u00bb] Objetivos Logrados [&hellip;]<\/p>\n","protected":false},"author":3,"featured_media":0,"parent":0,"menu_order":0,"comment_status":"closed","ping_status":"closed","template":"","meta":{"_et_pb_use_builder":"on","_et_pb_old_content":"","_et_gb_content_width":""},"_links":{"self":[{"href":"https:\/\/www.asociacion-piel.org.ar\/web\/wp-json\/wp\/v2\/pages\/541"}],"collection":[{"href":"https:\/\/www.asociacion-piel.org.ar\/web\/wp-json\/wp\/v2\/pages"}],"about":[{"href":"https:\/\/www.asociacion-piel.org.ar\/web\/wp-json\/wp\/v2\/types\/page"}],"author":[{"embeddable":true,"href":"https:\/\/www.asociacion-piel.org.ar\/web\/wp-json\/wp\/v2\/users\/3"}],"replies":[{"embeddable":true,"href":"https:\/\/www.asociacion-piel.org.ar\/web\/wp-json\/wp\/v2\/comments?post=541"}],"version-history":[{"count":8,"href":"https:\/\/www.asociacion-piel.org.ar\/web\/wp-json\/wp\/v2\/pages\/541\/revisions"}],"predecessor-version":[{"id":905,"href":"https:\/\/www.asociacion-piel.org.ar\/web\/wp-json\/wp\/v2\/pages\/541\/revisions\/905"}],"wp:attachment":[{"href":"https:\/\/www.asociacion-piel.org.ar\/web\/wp-json\/wp\/v2\/media?parent=541"}],"curies":[{"name":"wp","href":"https:\/\/api.w.org\/{rel}","templated":true}]}}